{"id":76,"date":"2021-01-27T05:03:58","date_gmt":"2021-01-27T05:03:58","guid":{"rendered":"https:\/\/ifingerstudio.com\/wellpress\/?page_id=76"},"modified":"2025-08-07T03:23:45","modified_gmt":"2025-08-07T07:23:45","slug":"our-services","status":"publish","type":"page","link":"https:\/\/censoncare.com\/es\/our-services\/","title":{"rendered":"Nuestros servicios"},"content":{"rendered":"<div data-elementor-type=\"wp-page\" data-elementor-id=\"76\" class=\"elementor elementor-76\" data-elementor-post-type=\"page\">\n\t\t\t\t\t\t<section class=\"elementor-section elementor-top-section elementor-element elementor-element-7f066cc elementor-section-boxed elementor-section-height-default elementor-section-height-default\" data-id=\"7f066cc\" data-element_type=\"section\" data-e-type=\"section\">\n\t\t\t\t\t\t<div class=\"elementor-container elementor-column-gap-default\">\n\t\t\t\t\t<div class=\"elementor-column elementor-col-100 elementor-top-column elementor-element elementor-element-fc93648\" data-id=\"fc93648\" data-element_type=\"column\" data-e-type=\"column\">\n\t\t\t<div class=\"elementor-widget-wrap elementor-element-populated\">\n\t\t\t\t\t\t<div class=\"elementor-element elementor-element-e7b0f2c elementor-widget elementor-widget-section-service\" data-id=\"e7b0f2c\" data-element_type=\"widget\" data-e-type=\"widget\" data-widget_type=\"section-service.default\">\n\t\t\t\t<div class=\"elementor-widget-container\">\n\t\t\t\t\t\n\t<div class=\"row\">\n\t\t\n\t\t\n\t\t\t<div class=\"col-lg-4 col-md-6 service-shortcode-three\">\n                <div class=\"services-style-three-item\">\n\t\t\t        \t\t\t          <div class=\"services-thumb\">\n\t\t\t            <a href=\"https:\/\/censoncare.com\/es\/service\/resident-care\/\"><img fetchpriority=\"high\" decoding=\"async\" width=\"770\" height=\"460\" src=\"https:\/\/censoncare.com\/wp-content\/uploads\/2021\/01\/service-img03-770x460.jpg\" class=\"attachment-wellpress-770-460 size-wellpress-770-460 wp-post-image\" alt=\"\" srcset=\"https:\/\/censoncare.com\/wp-content\/uploads\/2021\/01\/service-img03-770x460.jpg 770w, https:\/\/censoncare.com\/wp-content\/uploads\/2021\/01\/service-img03-80x47.jpg 80w\" sizes=\"(max-width: 770px) 100vw, 770px\"><\/a>\n\t\t\t          <\/div>\n\t\t\t                            <div class=\"services-content\">\n\t                \t\t                    \t<h3><a href=\"https:\/\/censoncare.com\/es\/service\/resident-care\/\">Cuidado de residentes<\/a><\/h3>\n\t\t           \t\t\n                                                \t<p>Lorem ipsum dolor sit amet, consectetur adipisicing elit, sed do eiusmod tempor<\/p>\n                    \t                    <\/div>\n                <\/div>\n\t\t\t<\/div>\n\n\t\t   \t\t\n\t\t\n\t\t\t<div class=\"col-lg-4 col-md-6 service-shortcode-three\">\n                <div class=\"services-style-three-item\">\n\t\t\t        \t\t\t          <div class=\"services-thumb\">\n\t\t\t            <a href=\"https:\/\/censoncare.com\/es\/service\/memory-care\/\"><img decoding=\"async\" width=\"770\" height=\"460\" src=\"https:\/\/censoncare.com\/wp-content\/uploads\/2021\/01\/service-img06-770x460.jpg\" class=\"attachment-wellpress-770-460 size-wellpress-770-460 wp-post-image\" alt=\"Atenci\u00f3n domiciliaria para personas mayores\" srcset=\"https:\/\/censoncare.com\/wp-content\/uploads\/2021\/01\/service-img06-770x460.jpg 770w, https:\/\/censoncare.com\/wp-content\/uploads\/2021\/01\/service-img06-80x47.jpg 80w\" sizes=\"(max-width: 770px) 100vw, 770px\" \/><\/a>\n\t\t\t          <\/div>\n\t\t\t                            <div class=\"services-content\">\n\t                \t\t                    \t<h3><a href=\"https:\/\/censoncare.com\/es\/service\/memory-care\/\">Cuidado de la memoria<\/a><\/h3>\n\t\t           \t\t\n                                                \t<p>Lorem ipsum dolor sit amet, consectetur adipisicing elit, sed do eiusmod tempor<\/p>\n                    \t                    <\/div>\n                <\/div>\n\t\t\t<\/div>\n\n\t\t   \t\t\n\t\t\n\t\t\t<div class=\"col-lg-4 col-md-6 service-shortcode-three\">\n                <div class=\"services-style-three-item\">\n\t\t\t        \t\t\t          <div class=\"services-thumb\">\n\t\t\t            <a href=\"https:\/\/censoncare.com\/es\/service\/home-care\/\"><img decoding=\"async\" width=\"770\" height=\"460\" src=\"https:\/\/censoncare.com\/wp-content\/uploads\/2021\/01\/service-img04-770x460.jpg\" class=\"attachment-wellpress-770-460 size-wellpress-770-460 wp-post-image\" alt=\"\" srcset=\"https:\/\/censoncare.com\/wp-content\/uploads\/2021\/01\/service-img04-770x460.jpg 770w, https:\/\/censoncare.com\/wp-content\/uploads\/2021\/01\/service-img04-80x47.jpg 80w\" sizes=\"(max-width: 770px) 100vw, 770px\"><\/a>\n\t\t\t          <\/div>\n\t\t\t                            <div class=\"services-content\">\n\t                \t\t                    \t<h3><a href=\"https:\/\/censoncare.com\/es\/service\/home-care\/\">Cuidado en el hogar<\/a><\/h3>\n\t\t           \t\t\n                                                \t<p>Lorem ipsum dolor sit amet, consectetur adipisicing elit, sed do eiusmod tempor<\/p>\n                    \t                    <\/div>\n                <\/div>\n\t\t\t<\/div>\n\n\t\t   \t\t\n\t\t\n\t\t\t<div class=\"col-lg-4 col-md-6 service-shortcode-three\">\n                <div class=\"services-style-three-item\">\n\t\t\t        \t\t\t          <div class=\"services-thumb\">\n\t\t\t            <a href=\"https:\/\/censoncare.com\/es\/service\/reminders\/\"><img loading=\"lazy\" decoding=\"async\" width=\"770\" height=\"460\" src=\"https:\/\/censoncare.com\/wp-content\/uploads\/2021\/01\/service-img07-770x460.jpg\" class=\"attachment-wellpress-770-460 size-wellpress-770-460 wp-post-image\" alt=\"\" srcset=\"https:\/\/censoncare.com\/wp-content\/uploads\/2021\/01\/service-img07-770x460.jpg 770w, https:\/\/censoncare.com\/wp-content\/uploads\/2021\/01\/service-img07-80x47.jpg 80w\" sizes=\"(max-width: 770px) 100vw, 770px\"><\/a>\n\t\t\t          <\/div>\n\t\t\t                            <div class=\"services-content\">\n\t                \t\t                    \t<h3><a href=\"https:\/\/censoncare.com\/es\/service\/reminders\/\">Recordatorios<\/a><\/h3>\n\t\t           \t\t\n                                                \t<p>Do you sometimes forget your medication?\u00a0 Have you missed an important appointment?\u00a0<\/p>\n                    \t                    <\/div>\n                <\/div>\n\t\t\t<\/div>\n\n\t\t   \t\t\n\t\t\n\t\t\t<div class=\"col-lg-4 col-md-6 service-shortcode-three\">\n                <div class=\"services-style-three-item\">\n\t\t\t        \t\t\t          <div class=\"services-thumb\">\n\t\t\t            <a href=\"https:\/\/censoncare.com\/es\/service\/medical-care\/\"><img loading=\"lazy\" decoding=\"async\" width=\"770\" height=\"460\" src=\"https:\/\/censoncare.com\/wp-content\/uploads\/2021\/01\/service-img02-770x460.jpg\" class=\"attachment-wellpress-770-460 size-wellpress-770-460 wp-post-image\" alt=\"\" srcset=\"https:\/\/censoncare.com\/wp-content\/uploads\/2021\/01\/service-img02-770x460.jpg 770w, https:\/\/censoncare.com\/wp-content\/uploads\/2021\/01\/service-img02-80x47.jpg 80w\" sizes=\"(max-width: 770px) 100vw, 770px\"><\/a>\n\t\t\t          <\/div>\n\t\t\t                            <div class=\"services-content\">\n\t                \t\t                    \t<h3><a href=\"https:\/\/censoncare.com\/es\/service\/medical-care\/\">Atenci\u00f3n m\u00e9dica<\/a><\/h3>\n\t\t           \t\t\n                                                \t<p>Lorem ipsum dolor sit amet, consectetur adipisicing elit, sed do eiusmod tempor<\/p>\n                    \t                    <\/div>\n                <\/div>\n\t\t\t<\/div>\n\n\t\t   \t\t\n\t\t\n\t\t\t<div class=\"col-lg-4 col-md-6 service-shortcode-three\">\n                <div class=\"services-style-three-item\">\n\t\t\t        \t\t\t          <div class=\"services-thumb\">\n\t\t\t            <a href=\"https:\/\/censoncare.com\/es\/service\/independent-care\/\"><img loading=\"lazy\" decoding=\"async\" width=\"770\" height=\"460\" src=\"https:\/\/censoncare.com\/wp-content\/uploads\/2021\/01\/service-img01-770x460.jpg\" class=\"attachment-wellpress-770-460 size-wellpress-770-460 wp-post-image\" alt=\"\" srcset=\"https:\/\/censoncare.com\/wp-content\/uploads\/2021\/01\/service-img01-770x460.jpg 770w, https:\/\/censoncare.com\/wp-content\/uploads\/2021\/01\/service-img01-80x47.jpg 80w\" sizes=\"(max-width: 770px) 100vw, 770px\"><\/a>\n\t\t\t          <\/div>\n\t\t\t                            <div class=\"services-content\">\n\t                \t\t                    \t<h3><a href=\"https:\/\/censoncare.com\/es\/service\/independent-care\/\">Independent Care<\/a><\/h3>\n\t\t           \t\t\n                                                \t<p>Lorem ipsum dolor sit amet, consectetur adipisicing elit, sed do eiusmod tempor<\/p>\n                    \t                    <\/div>\n                <\/div>\n\t\t\t<\/div>\n\n\t\t   \t\t\t<\/div>\n\n\t\t\t\t<\/div>\n\t\t\t\t<\/div>\n\t\t\t\t\t<\/div>\n\t\t<\/div>\n\t\t\t\t\t<\/div>\n\t\t<\/section>\n\t\t\t\t<section class=\"elementor-section elementor-top-section elementor-element elementor-element-89137d2 elementor-section-boxed elementor-section-height-default elementor-section-height-default\" data-id=\"89137d2\" data-element_type=\"section\" data-e-type=\"section\" data-settings=\"{&quot;background_background&quot;:&quot;classic&quot;}\">\n\t\t\t\t\t\t<div class=\"elementor-container elementor-column-gap-default\">\n\t\t\t\t\t<div class=\"elementor-column elementor-col-100 elementor-top-column elementor-element elementor-element-1ff78ee\" data-id=\"1ff78ee\" data-element_type=\"column\" data-e-type=\"column\">\n\t\t\t<div class=\"elementor-widget-wrap elementor-element-populated\">\n\t\t\t\t\t\t<section class=\"elementor-section elementor-inner-section elementor-element elementor-element-7693afc elementor-section-boxed elementor-section-height-default elementor-section-height-default\" data-id=\"7693afc\" data-element_type=\"section\" data-e-type=\"section\">\n\t\t\t\t\t\t<div class=\"elementor-container elementor-column-gap-default\">\n\t\t\t\t\t<div class=\"elementor-column elementor-col-50 elementor-inner-column elementor-element elementor-element-3faed99\" data-id=\"3faed99\" data-element_type=\"column\" data-e-type=\"column\">\n\t\t\t<div class=\"elementor-widget-wrap elementor-element-populated\">\n\t\t\t\t\t\t<div class=\"elementor-element elementor-element-91fb9c5 elementor-widget elementor-widget-section-head-two\" data-id=\"91fb9c5\" data-element_type=\"widget\" data-e-type=\"widget\" data-widget_type=\"section-head-two.default\">\n\t\t\t\t<div class=\"elementor-widget-container\">\n\t\t\t\t\t\t\t<div class=\"section-title-three text-left\">\r\n            \t            <h6 > Skills <\/h6>\r\n                        \t            <h2 > Our Amenities & how it looks like <\/h2>\r\n            \r\n            \t\t\t\t<p class=\"line\">Lorem ipsum dolor sit amet, consectetur adipisicing elit, sed do eiusmod tempor incididunt ut labore et dolore magna aliqua. Ut enim ad minim ven iam, quis nostrud exercitation ullamco laboris.<\/p>\r\n                  <\/div>\r\n\t\t\t\t\t<\/div>\n\t\t\t\t<\/div>\n\t\t\t\t\t<\/div>\n\t\t<\/div>\n\t\t\t\t<div class=\"elementor-column elementor-col-50 elementor-inner-column elementor-element elementor-element-8325add\" data-id=\"8325add\" data-element_type=\"column\" data-e-type=\"column\">\n\t\t\t<div class=\"elementor-widget-wrap\">\n\t\t\t\t\t\t\t<\/div>\n\t\t<\/div>\n\t\t\t\t\t<\/div>\n\t\t<\/section>\n\t\t\t\t<section class=\"elementor-section elementor-inner-section elementor-element elementor-element-28f4bdf elementor-section-boxed elementor-section-height-default elementor-section-height-default\" data-id=\"28f4bdf\" data-element_type=\"section\" data-e-type=\"section\">\n\t\t\t\t\t\t<div class=\"elementor-container elementor-column-gap-default\">\n\t\t\t\t\t<div class=\"elementor-column elementor-col-100 elementor-inner-column elementor-element elementor-element-52ce712\" data-id=\"52ce712\" data-element_type=\"column\" data-e-type=\"column\">\n\t\t\t<div class=\"elementor-widget-wrap elementor-element-populated\">\n\t\t\t\t\t\t<div class=\"elementor-element elementor-element-8567171 elementor-widget elementor-widget-wellpress-button\" data-id=\"8567171\" data-element_type=\"widget\" data-e-type=\"widget\" data-widget_type=\"wellpress-button.default\">\n\t\t\t\t<div class=\"elementor-widget-container\">\n\t\t\t\t\t\t\t<div class=\"wellpress-button-wrapper\">\r\n\t\t\t<a href=\"#\"  target=\"_blank\"  rel=\"nofollow\" class=\"wellpress-btn btn\">Hacer cita<i class=\"\"><\/i><\/a>\r\n\t\t<\/div>\r\n\t\t\t\t\t\t<\/div>\n\t\t\t\t<\/div>\n\t\t\t\t\t<\/div>\n\t\t<\/div>\n\t\t\t\t\t<\/div>\n\t\t<\/section>\n\t\t\t\t\t<\/div>\n\t\t<\/div>\n\t\t\t\t\t<\/div>\n\t\t<\/section>\n\t\t\t\t<section class=\"elementor-section elementor-top-section elementor-element elementor-element-96df6b3 elementor-section-boxed elementor-section-height-default elementor-section-height-default\" data-id=\"96df6b3\" data-element_type=\"section\" data-e-type=\"section\">\n\t\t\t\t\t\t<div class=\"elementor-container elementor-column-gap-default\">\n\t\t\t\t\t<div class=\"elementor-column elementor-col-100 elementor-top-column elementor-element elementor-element-0376b49\" data-id=\"0376b49\" data-element_type=\"column\" data-e-type=\"column\">\n\t\t\t<div class=\"elementor-widget-wrap elementor-element-populated\">\n\t\t\t\t\t\t<section class=\"elementor-section elementor-inner-section elementor-element elementor-element-9c1c505 elementor-section-boxed elementor-section-height-default elementor-section-height-default\" data-id=\"9c1c505\" data-element_type=\"section\" data-e-type=\"section\">\n\t\t\t\t\t\t<div class=\"elementor-container elementor-column-gap-default\">\n\t\t\t\t\t<div class=\"elementor-column elementor-col-33 elementor-inner-column elementor-element elementor-element-7f9c92a\" data-id=\"7f9c92a\" data-element_type=\"column\" data-e-type=\"column\">\n\t\t\t<div class=\"elementor-widget-wrap\">\n\t\t\t\t\t\t\t<\/div>\n\t\t<\/div>\n\t\t\t\t<div class=\"elementor-column elementor-col-33 elementor-inner-column elementor-element elementor-element-081bcb6\" data-id=\"081bcb6\" data-element_type=\"column\" data-e-type=\"column\">\n\t\t\t<div class=\"elementor-widget-wrap elementor-element-populated\">\n\t\t\t\t\t\t<div class=\"elementor-element elementor-element-a801e1b elementor-widget elementor-widget-section-head-two\" data-id=\"a801e1b\" data-element_type=\"widget\" data-e-type=\"widget\" data-widget_type=\"section-head-two.default\">\n\t\t\t\t<div class=\"elementor-widget-container\">\n\t\t\t\t\t\t\t<div class=\"section-title-three text-center\">\r\n            \t            <h6 > Blog <\/h6>\r\n                        \t            <h2 > News Feed <\/h2>\r\n            \r\n            \t\t\t\t<div class=\"default-line\"><\/div>\r\n\t\t\t      <\/div>\r\n\t\t\t\t\t<\/div>\n\t\t\t\t<\/div>\n\t\t\t\t\t<\/div>\n\t\t<\/div>\n\t\t\t\t<div class=\"elementor-column elementor-col-33 elementor-inner-column elementor-element elementor-element-61ea850\" data-id=\"61ea850\" data-element_type=\"column\" data-e-type=\"column\">\n\t\t\t<div class=\"elementor-widget-wrap\">\n\t\t\t\t\t\t\t<\/div>\n\t\t<\/div>\n\t\t\t\t\t<\/div>\n\t\t<\/section>\n\t\t\t\t<section class=\"elementor-section elementor-inner-section elementor-element elementor-element-8a6a283 elementor-section-boxed elementor-section-height-default elementor-section-height-default\" data-id=\"8a6a283\" data-element_type=\"section\" data-e-type=\"section\">\n\t\t\t\t\t\t<div class=\"elementor-container elementor-column-gap-default\">\n\t\t\t\t\t<div class=\"elementor-column elementor-col-100 elementor-inner-column elementor-element elementor-element-f3d25ef\" data-id=\"f3d25ef\" data-element_type=\"column\" data-e-type=\"column\">\n\t\t\t<div class=\"elementor-widget-wrap elementor-element-populated\">\n\t\t\t\t\t\t<div class=\"elementor-element elementor-element-7a6f81a elementor-widget elementor-widget-section-blog\" data-id=\"7a6f81a\" data-element_type=\"widget\" data-e-type=\"widget\" data-widget_type=\"section-blog.default\">\n\t\t\t\t<div class=\"elementor-widget-container\">\n\t\t\t\t\t\r\n<script type=\"text\/javascript\">\r\n   jQuery(document).ready(function(){\r\n\t\t\/\/ blog\r\n\t\tjQuery('.blog-post-thumb-active').slick({\r\n\t\t\tautoplay:true,\r\n\t\t\tautoplaySpeed:1500,\r\n\t\t\tdots: false,\r\n\t\t\tinfinite: true,\r\n\t\t\tarrows: true,\r\n\t\t\tspeed: 1500,\r\n\t\t\tslidesToShow: 1,\r\n\t\t\tslidesToScroll: 1,\r\n\t\t\tfade: true,\r\n\t\t\tprevArrow: '<button type=\"button\" class=\"slick-prev\"><i class=\"fas fa-arrow-left\"><\/i><\/button>',\r\n\t\t\tnextArrow: '<button type=\"button\" class=\"slick-next\"><i class=\"fas fa-arrow-right\"><\/i><\/button>',\r\n\t\t});\r\n   });\r\n<\/script> \r\n\r\n\t<div class=\"row\">\r\n\t\t\r\n\t<div class=\"col-lg-4 col-md-6 blog-shortcode\">\r\n\t\t<article id=\"post-255\" class=\"post-255 post type-post status-publish format-standard has-post-thumbnail hentry category-home-care category-eldercare tag-care tag-senior\">\r\n\t\t   \t<div class=\"blog-post-item bp-style-two v1\">\r\n\t\t   \t\t\t\t      \t\t\t\t         \t\t<div class=\"blog-post-thumb position-relative\">\r\n\t\t            \t\t<a href=\"https:\/\/censoncare.com\/es\/in-home-care\/\"><img loading=\"lazy\" decoding=\"async\" width=\"770\" height=\"460\" src=\"https:\/\/censoncare.com\/wp-content\/uploads\/2021\/01\/04_blog-770x460.jpg\" class=\"attachment-wellpress-770-460 size-wellpress-770-460 wp-post-image\" alt=\"\"><\/a>\r\n\t\t\t\t         \t\t\t\t\t\t            <div class=\"overlay-post-tag\">\r\n\t\t\t\t\t               \t<a href=\"https:\/\/censoncare.com\/es\/category\/home-care\/\" rel=\"category tag\">Cuidado en el hogar<\/a> <a href=\"https:\/\/censoncare.com\/es\/category\/eldercare\/\" rel=\"category tag\">Cuidado de ancianos<\/a>\t\t\t\t\t            <\/div>\r\n\t\t\t\t        \t\t\t         \t\t<\/div>                                                                                        \r\n\t         \t\t\t\t\t        <div class=\"blog-post-content\">\r\n\t\t\t\t\t\t\t\t\t\t            <div class=\"blog-post-meta\">\r\n\t\t\t\t               \t<ul>\r\n\t\t\t\t\t            \t\t\t\t\t\t               \t<li>\r\n\t\t\t\t\t               \t\t<i class=\"far fa-user\"><\/i>By \t\t\t\t\t               \t\t<a href=\"https:\/\/censoncare.com\/es\/author\/censoncare-com\/\" title=\"Entradas de censoncare.com\" rel=\"author\">censuracare.com<\/a>\t\t\t\t\t               \t<\/li>\r\n\t\t\t\t\t               \t\t\t\t\t               \t<li><i class=\"far fa-comments\"><\/i>0 Comments<\/li>\r\n\t\t\t\t\t            \t\t\t\t\t\t            <\/ul>\r\n\t\t\t\t            <\/div>\r\n\t\t\t\t\t\t\t\t\t            <h2><a href=\"https:\/\/censoncare.com\/es\/in-home-care\/\">CUIDADO A DOMICILIO: ATENCI\u00d3N M\u00c9DICA Y SEGUIMIENTO<\/a><\/h2>\r\n\t\t\t\t\t\t\t\t\t\t            <p>Telehealth improves in-home care and monitoring for seniors living at home. Telehealth consultations allow in-home care patients to connect<\/p>\r\n\t\t\t\t\t\t\t\t\t        <\/div>\r\n\t\t\t\t\t\t\t    \t\t\t<\/div>\r\n\t\t<\/article>\r\n\t<\/div>\r\n\r\n\t   \r\n\t<div class=\"col-lg-4 col-md-6 blog-shortcode\">\r\n\t\t<article id=\"post-258\" class=\"post-258 post type-post status-publish format-standard has-post-thumbnail hentry category-senior-care tag-longevity\">\r\n\t\t   \t<div class=\"blog-post-item bp-style-two v1\">\r\n\t\t   \t\t\t\t      \t\t\t\t         \t\t<div class=\"blog-post-thumb position-relative\">\r\n\t\t            \t\t<a href=\"https:\/\/censoncare.com\/es\/walking-adds-longevity\/\"><img loading=\"lazy\" decoding=\"async\" width=\"770\" height=\"460\" src=\"https:\/\/censoncare.com\/wp-content\/uploads\/2021\/01\/05_blog-770x460.jpg\" class=\"attachment-wellpress-770-460 size-wellpress-770-460 wp-post-image\" alt=\"longevidad\" \/><\/a>\r\n\t\t\t\t         \t\t\t\t\t\t            <div class=\"overlay-post-tag\">\r\n\t\t\t\t\t               \t<a href=\"https:\/\/censoncare.com\/es\/category\/senior-care\/\" rel=\"category tag\">Cuidado de personas mayores<\/a>\t\t\t\t\t            <\/div>\r\n\t\t\t\t        \t\t\t         \t\t<\/div>                                                                                        \r\n\t         \t\t\t\t\t        <div class=\"blog-post-content\">\r\n\t\t\t\t\t\t\t\t\t\t            <div class=\"blog-post-meta\">\r\n\t\t\t\t               \t<ul>\r\n\t\t\t\t\t            \t\t\t\t\t\t               \t<li>\r\n\t\t\t\t\t               \t\t<i class=\"far fa-user\"><\/i>By \t\t\t\t\t               \t\t<a href=\"https:\/\/censoncare.com\/es\/author\/censoncare-com\/\" title=\"Entradas de censoncare.com\" rel=\"author\">censuracare.com<\/a>\t\t\t\t\t               \t<\/li>\r\n\t\t\t\t\t               \t\t\t\t\t               \t<li><i class=\"far fa-comments\"><\/i>0 Comments<\/li>\r\n\t\t\t\t\t            \t\t\t\t\t\t            <\/ul>\r\n\t\t\t\t            <\/div>\r\n\t\t\t\t\t\t\t\t\t            <h2><a href=\"https:\/\/censoncare.com\/es\/walking-adds-longevity\/\">CAMINANDO POR LA VIDA<\/a><\/h2>\r\n\t\t\t\t\t\t\t\t\t\t            <p>Fewer than 3000 steps\/day (step count) is associated with statistically significant risk reductions in mortality and incident CVD.\n<\/p>\r\n\t\t\t\t\t\t\t\t\t        <\/div>\r\n\t\t\t\t\t\t\t    \t\t\t<\/div>\r\n\t\t<\/article>\r\n\t<\/div>\r\n\r\n\t   \r\n\t<div class=\"col-lg-4 col-md-6 blog-shortcode\">\r\n\t\t<article id=\"post-280\" class=\"post-280 post type-post status-publish format-standard has-post-thumbnail hentry category-senior-care category-eldercare category-home-care tag-elderly tag-nursing tag-senior\">\r\n\t\t   \t<div class=\"blog-post-item bp-style-two v1\">\r\n\t\t   \t\t\t\t      \t\t\t\t         \t\t<div class=\"blog-post-thumb position-relative\">\r\n\t\t            \t\t<a href=\"https:\/\/censoncare.com\/es\/how-seniors-can-connect-online-via-social-media\/\"><img loading=\"lazy\" decoding=\"async\" width=\"770\" height=\"460\" src=\"https:\/\/censoncare.com\/wp-content\/uploads\/2021\/01\/08_blog-770x460.jpg\" class=\"attachment-wellpress-770-460 size-wellpress-770-460 wp-post-image\" alt=\"redes sociales\" \/><\/a>\r\n\t\t\t\t         \t\t\t\t\t\t            <div class=\"overlay-post-tag\">\r\n\t\t\t\t\t               \t<a href=\"https:\/\/censoncare.com\/es\/category\/senior-care\/\" rel=\"category tag\">Cuidado de personas mayores<\/a> <a href=\"https:\/\/censoncare.com\/es\/category\/eldercare\/\" rel=\"category tag\">Cuidado de ancianos<\/a> <a href=\"https:\/\/censoncare.com\/es\/category\/home-care\/\" rel=\"category tag\">Cuidado en el hogar<\/a>\t\t\t\t\t            <\/div>\r\n\t\t\t\t        \t\t\t         \t\t<\/div>                                                                                        \r\n\t         \t\t\t\t\t        <div class=\"blog-post-content\">\r\n\t\t\t\t\t\t\t\t\t\t            <div class=\"blog-post-meta\">\r\n\t\t\t\t               \t<ul>\r\n\t\t\t\t\t            \t\t\t\t\t\t               \t<li>\r\n\t\t\t\t\t               \t\t<i class=\"far fa-user\"><\/i>By \t\t\t\t\t               \t\t<a href=\"https:\/\/censoncare.com\/es\/author\/censoncare-com\/\" title=\"Entradas de censoncare.com\" rel=\"author\">censuracare.com<\/a>\t\t\t\t\t               \t<\/li>\r\n\t\t\t\t\t               \t\t\t\t\t               \t<li><i class=\"far fa-comments\"><\/i>0 Comments<\/li>\r\n\t\t\t\t\t            \t\t\t\t\t\t            <\/ul>\r\n\t\t\t\t            <\/div>\r\n\t\t\t\t\t\t\t\t\t            <h2><a href=\"https:\/\/censoncare.com\/es\/how-seniors-can-connect-online-via-social-media\/\">C\u00f3mo pueden conectarse las personas mayores en l\u00ednea a trav\u00e9s de las redes sociales<\/a><\/h2>\r\n\t\t\t\t\t\t\t\t\t\t            <p>Bridging the Digital Divide: How Seniors Can Thrive on Social Media In an increasingly interconnected world, the phrase &#8220;social<\/p>\r\n\t\t\t\t\t\t\t\t\t        <\/div>\r\n\t\t\t\t\t\t\t    \t\t\t<\/div>\r\n\t\t<\/article>\r\n\t<\/div>\r\n\r\n\t   \t<\/div>\r\n\r\n\r\n\t\t\t\t<\/div>\n\t\t\t\t<\/div>\n\t\t\t\t\t<\/div>\n\t\t<\/div>\n\t\t\t\t\t<\/div>\n\t\t<\/section>\n\t\t\t\t\t<\/div>\n\t\t<\/div>\n\t\t\t\t\t<\/div>\n\t\t<\/section>\n\t\t\t\t<\/div>","protected":false},"excerpt":{"rendered":"<p>Resident Care Lorem ipsum dolor sit amet, consectetur adipisicing elit, sed do eiusmod tempor Memory Care Lorem ipsum dolor sit amet, consectetur adipisicing elit, sed do eiusmod tempor Home Care Lorem ipsum dolor sit amet, consectetur adipisicing elit, sed do eiusmod tempor Facility Staffing Lorem ipsum dolor sit amet, consectetur adipisicing elit, sed do eiusmod [&hellip;]<\/p>\n","protected":false},"author":1,"featured_media":0,"parent":0,"menu_order":0,"comment_status":"closed","ping_status":"closed","template":"page-template\/blank-page-sidebar.php","meta":{"rs_blank_template":"","rs_page_bg_color":"","slide_template_v7":"","footnotes":""},"class_list":["post-76","page","type-page","status-publish","hentry"],"_links":{"self":[{"href":"https:\/\/censoncare.com\/es\/wp-json\/wp\/v2\/pages\/76","targetHints":{"allow":["GET"]}}],"collection":[{"href":"https:\/\/censoncare.com\/es\/wp-json\/wp\/v2\/pages"}],"about":[{"href":"https:\/\/censoncare.com\/es\/wp-json\/wp\/v2\/types\/page"}],"author":[{"embeddable":true,"href":"https:\/\/censoncare.com\/es\/wp-json\/wp\/v2\/users\/1"}],"replies":[{"embeddable":true,"href":"https:\/\/censoncare.com\/es\/wp-json\/wp\/v2\/comments?post=76"}],"version-history":[{"count":0,"href":"https:\/\/censoncare.com\/es\/wp-json\/wp\/v2\/pages\/76\/revisions"}],"wp:attachment":[{"href":"https:\/\/censoncare.com\/es\/wp-json\/wp\/v2\/media?parent=76"}],"curies":[{"name":"wp","href":"https:\/\/api.w.org\/{rel}","templated":true}]}}